{"id":166,"date":"2021-04-09T07:33:06","date_gmt":"2021-04-08T22:33:06","guid":{"rendered":"https:\/\/takeroot.co.jp\/ec-guide\/?page_id=166"},"modified":"2021-04-09T11:16:35","modified_gmt":"2021-04-09T02:16:35","slug":"contact","status":"publish","type":"page","link":"https:\/\/takeroot.co.jp\/ec-guide\/contact\/","title":{"rendered":"\u304a\u554f\u3044\u5408\u308f\u305b"},"content":{"rendered":"<div role=\"form\" class=\"wpcf7\" id=\"wpcf7-f292-o1\" lang=\"ja\" dir=\"ltr\">\n<div class=\"screen-reader-response\"><p role=\"status\" aria-live=\"polite\" aria-atomic=\"true\"><\/p> <ul><\/ul><\/div>\n<form action=\"\/ec-guide\/wp-json\/wp\/v2\/pages\/166#wpcf7-f292-o1\" method=\"post\" class=\"wpcf7-form init\" novalidate=\"novalidate\" data-status=\"init\">\n<div style=\"display: none;\">\n<input type=\"hidden\" name=\"_wpcf7\" value=\"292\" \/>\n<input type=\"hidden\" name=\"_wpcf7_version\" value=\"5.5.3\" \/>\n<input type=\"hidden\" name=\"_wpcf7_locale\" value=\"ja\" \/>\n<input type=\"hidden\" name=\"_wpcf7_unit_tag\" value=\"wpcf7-f292-o1\" \/>\n<input type=\"hidden\" name=\"_wpcf7_container_post\" value=\"0\" \/>\n<input type=\"hidden\" name=\"_wpcf7_posted_data_hash\" value=\"\" \/>\n<\/div>\n<table class=\"inquiry\">\n<tr>\n<th>\n<span class=\"haveto\">\u5fc5\u9808<\/span><span>\u304a\u540d\u524d<\/span>\n<\/th>\n<td>\n<span class=\"wpcf7-form-control-wrap your-name\"><input type=\"text\" name=\"your-name\" value=\"\" size=\"40\" class=\"wpcf7-form-control wpcf7-text wpcf7-validates-as-required textsp\" aria-required=\"true\" aria-invalid=\"false\" placeholder=\"\u5c71\u7530 \u592a\u90ce\" \/><\/span>\n<\/td>\n<\/tr>\n<tr>\n<th>\n<span class=\"haveto\">\u5fc5\u9808<\/span><span>\u30e1\u30fc\u30eb\u30a2\u30c9\u30ec\u30b9<\/span>\n<\/th>\n<td><span class=\"wpcf7-form-control-wrap your-email\"><input type=\"email\" name=\"your-email\" value=\"\" size=\"40\" class=\"wpcf7-form-control wpcf7-text wpcf7-email wpcf7-validates-as-required wpcf7-validates-as-email mailsp\" aria-required=\"true\" aria-invalid=\"false\" placeholder=\"info@takeroot.co.jp\" \/><\/span><\/td>\n<\/tr>\n<tr>\n<th>\n<span class=\"any\">\u4efb\u610f<\/span><span>\u96fb\u8a71\u756a\u53f7<\/span>\n<\/th>\n<td>\n<span class=\"wpcf7-form-control-wrap your-tel\"><input type=\"tel\" name=\"your-tel\" value=\"\" size=\"40\" class=\"wpcf7-form-control wpcf7-text wpcf7-tel wpcf7-validates-as-tel tel\" aria-invalid=\"false\" placeholder=\"090-\u00d7\u00d7\u00d7\u00d7-\u00d7\u00d7\u00d7\u00d7\" \/><\/span>\n<\/td>\n<\/tr>\n<tr>\n<th>\n<span class=\"haveto\">\u5fc5\u9808<\/span><span>\u30c9\u30ed\u30c3\u30d7\u30c0\u30a6\u30f3\u30e1\u30cb\u30e5\u30fc<\/span>\n<\/th>\n<td>\n<span class=\"wpcf7-form-control-wrap dpmenu\"><select name=\"dpmenu\" class=\"wpcf7-form-control wpcf7-select wpcf7-validates-as-required drop\" aria-required=\"true\" aria-invalid=\"false\"><option value=\"\">---<\/option><option value=\"\u30b5\u30f3\u30d7\u30eb1\">\u30b5\u30f3\u30d7\u30eb1<\/option><option value=\"\u30b5\u30f3\u30d7\u30eb2\">\u30b5\u30f3\u30d7\u30eb2<\/option><option value=\"\u30b5\u30f3\u30d7\u30eb3\">\u30b5\u30f3\u30d7\u30eb3<\/option><\/select><\/span>\n<\/td>\n<\/tr>\n<tr>\n<th>\n<span class=\"any\">\u4efb\u610f<\/span><span>\u30c1\u30a7\u30c3\u30af\u30dc\u30c3\u30af\u30b9\u6a2a\u4e26\u3073\u3010\uff11\u3064\u3092\u9078\u629e\u3011<\/span>\n<\/th>\n<td>\n<span class=\"wpcf7-form-control-wrap checkbox-1\"><span class=\"wpcf7-form-control wpcf7-checkbox wpcf7-exclusive-checkbox check1\"><span class=\"wpcf7-list-item first\"><label><input type=\"checkbox\" name=\"checkbox-1\" value=\"\u30b5\u30f3\u30d7\u30eb4\" checked=\"checked\" \/><span class=\"wpcf7-list-item-label\">\u30b5\u30f3\u30d7\u30eb4<\/span><\/label><\/span><span class=\"wpcf7-list-item\"><label><input type=\"checkbox\" name=\"checkbox-1\" value=\"\u30b5\u30f3\u30d7\u30eb5\" \/><span class=\"wpcf7-list-item-label\">\u30b5\u30f3\u30d7\u30eb5<\/span><\/label><\/span><span class=\"wpcf7-list-item last\"><label><input type=\"checkbox\" name=\"checkbox-1\" value=\"\u30b5\u30f3\u30d7\u30eb6\" \/><span class=\"wpcf7-list-item-label\">\u30b5\u30f3\u30d7\u30eb6<\/span><\/label><\/span><\/span><\/span>\n<\/td>\n<\/tr>\n<tr>\n<th>\n<span class=\"haveto\">\u5fc5\u9808<\/span><span>\u30c1\u30a7\u30c3\u30af\u30dc\u30c3\u30af\u30b9\u6a2a\u4e26\u3073\u3010\u8907\u6570\u3092\u9078\u629e\u3011<\/span>\n<\/th>\n<td>\n<span class=\"wpcf7-form-control-wrap checkbox-2\"><span class=\"wpcf7-form-control wpcf7-checkbox wpcf7-validates-as-required check2\"><span class=\"wpcf7-list-item first\"><label><input type=\"checkbox\" name=\"checkbox-2[]\" value=\"\u30b5\u30f3\u30d7\u30eb7\" checked=\"checked\" \/><span class=\"wpcf7-list-item-label\">\u30b5\u30f3\u30d7\u30eb7<\/span><\/label><\/span><span class=\"wpcf7-list-item\"><label><input type=\"checkbox\" name=\"checkbox-2[]\" value=\"\u30b5\u30f3\u30d7\u30eb8\" \/><span class=\"wpcf7-list-item-label\">\u30b5\u30f3\u30d7\u30eb8<\/span><\/label><\/span><span class=\"wpcf7-list-item last\"><label><input type=\"checkbox\" name=\"checkbox-2[]\" value=\"\u30b5\u30f3\u30d7\u30eb9\" \/><span class=\"wpcf7-list-item-label\">\u30b5\u30f3\u30d7\u30eb9<\/span><\/label><\/span><\/span><\/span><\/td>\n<\/tr>\n<tr>\n<th>\n<span class=\"any\">\u4efb\u610f<\/span><span>\u30c1\u30a7\u30c3\u30af\u30dc\u30c3\u30af\u30b9\u7e26\u4e26\u3073\u3010\uff11\u3064\u3092\u9078\u629e\u3011<\/span>\n<\/th>\n<td>\n<span class=\"wpcf7-form-control-wrap checkbox-3\"><span class=\"wpcf7-form-control wpcf7-checkbox wpcf7-exclusive-checkbox verticallist check3\"><span class=\"wpcf7-list-item first\"><label><input type=\"checkbox\" name=\"checkbox-3\" value=\"\u30b5\u30f3\u30d7\u30eb10\" checked=\"checked\" \/><span class=\"wpcf7-list-item-label\">\u30b5\u30f3\u30d7\u30eb10<\/span><\/label><\/span><span class=\"wpcf7-list-item\"><label><input type=\"checkbox\" name=\"checkbox-3\" value=\"\u30b5\u30f3\u30d7\u30eb11\" \/><span class=\"wpcf7-list-item-label\">\u30b5\u30f3\u30d7\u30eb11<\/span><\/label><\/span><span class=\"wpcf7-list-item last\"><label><input type=\"checkbox\" name=\"checkbox-3\" value=\"\u30b5\u30f3\u30d7\u30eb12\" \/><span class=\"wpcf7-list-item-label\">\u30b5\u30f3\u30d7\u30eb12<\/span><\/label><\/span><\/span><\/span>\n<\/td>\n<\/tr>\n<tr>\n<th>\n<span class=\"haveto\">\u5fc5\u9808<\/span><span>\u30c1\u30a7\u30c3\u30af\u30dc\u30c3\u30af\u30b9\u7e26\u4e26\u3073\u3010\u8907\u6570\u3092\u9078\u629e\u3011<\/span>\n<\/th>\n<td>\n<span class=\"wpcf7-form-control-wrap checkbox-4\"><span class=\"wpcf7-form-control wpcf7-checkbox wpcf7-validates-as-required verticallist check4\"><span class=\"wpcf7-list-item first\"><label><input type=\"checkbox\" name=\"checkbox-4[]\" value=\"\u30b5\u30f3\u30d7\u30eb13\" checked=\"checked\" \/><span class=\"wpcf7-list-item-label\">\u30b5\u30f3\u30d7\u30eb13<\/span><\/label><\/span><span class=\"wpcf7-list-item\"><label><input type=\"checkbox\" name=\"checkbox-4[]\" value=\"\u30b5\u30f3\u30d7\u30eb14\" \/><span class=\"wpcf7-list-item-label\">\u30b5\u30f3\u30d7\u30eb14<\/span><\/label><\/span><span class=\"wpcf7-list-item last\"><label><input type=\"checkbox\" name=\"checkbox-4[]\" value=\"\u30b5\u30f3\u30d7\u30eb15\" \/><span class=\"wpcf7-list-item-label\">\u30b5\u30f3\u30d7\u30eb15<\/span><\/label><\/span><\/span><\/span>\n<\/td>\n<\/tr>\n<tr>\n<th>\n<span class=\"any\">\u4efb\u610f<\/span><span>\u30e9\u30b8\u30aa\u30dc\u30bf\u30f3\u6a2a\u4e26\u3073<\/span>\n<\/th>\n<td>\n<span class=\"wpcf7-form-control-wrap radio-1\"><span class=\"wpcf7-form-control wpcf7-radio radio1\"><span class=\"wpcf7-list-item first\"><label><input type=\"radio\" name=\"radio-1\" value=\"\u30b5\u30f3\u30d7\u30eb16\" checked=\"checked\" \/><span class=\"wpcf7-list-item-label\">\u30b5\u30f3\u30d7\u30eb16<\/span><\/label><\/span><span class=\"wpcf7-list-item\"><label><input type=\"radio\" name=\"radio-1\" value=\"\u30b5\u30f3\u30d7\u30eb17\" \/><span class=\"wpcf7-list-item-label\">\u30b5\u30f3\u30d7\u30eb17<\/span><\/label><\/span><span class=\"wpcf7-list-item last\"><label><input type=\"radio\" name=\"radio-1\" value=\"\u30b5\u30f3\u30d7\u30eb18\" \/><span class=\"wpcf7-list-item-label\">\u30b5\u30f3\u30d7\u30eb18<\/span><\/label><\/span><\/span><\/span>\n<\/td>\n<\/tr>\n<tr>\n<th>\n<span class=\"haveto\">\u5fc5\u9808<\/span><span>\u30e9\u30b8\u30aa\u30dc\u30bf\u30f3\u7e26\u4e26\u3073<\/span>\n<\/th>\n<td>\n<span class=\"wpcf7-form-control-wrap radio-2\"><span class=\"wpcf7-form-control wpcf7-radio verticallist radio2\"><span class=\"wpcf7-list-item first\"><label><input type=\"radio\" name=\"radio-2\" value=\"\u30b5\u30f3\u30d7\u30eb19\" checked=\"checked\" \/><span class=\"wpcf7-list-item-label\">\u30b5\u30f3\u30d7\u30eb19<\/span><\/label><\/span><span class=\"wpcf7-list-item\"><label><input type=\"radio\" name=\"radio-2\" value=\"\u30b5\u30f3\u30d7\u30eb20\" \/><span class=\"wpcf7-list-item-label\">\u30b5\u30f3\u30d7\u30eb20<\/span><\/label><\/span><span class=\"wpcf7-list-item last\"><label><input type=\"radio\" name=\"radio-2\" value=\"\u30b5\u30f3\u30d7\u30eb21\" \/><span class=\"wpcf7-list-item-label\">\u30b5\u30f3\u30d7\u30eb21<\/span><\/label><\/span><\/span><\/span>\n<\/td>\n<\/tr>\n<tr>\n<th>\n<span class=\"any\">\u4efb\u610f<\/span><span>\u6570\u5024\u306e\u30b9\u30d4\u30f3\u5f62\u5f0f<\/span>\n<\/th>\n<td>\n<span class=\"wpcf7-form-control-wrap number-1\"><input type=\"number\" name=\"number-1\" value=\"\" class=\"wpcf7-form-control wpcf7-number wpcf7-validates-as-number number1\" min=\"10\" max=\"100\" aria-invalid=\"false\" placeholder=\"\u6570\u5024\u306e\u5024\u306f\u6307\u5b9a\u3067\u304d\u308b\" \/><\/span>\n<\/td>\n<\/tr>\n<tr>\n<th>\n<span class=\"haveto\">\u5fc5\u9808<\/span><span>\u65e5\u4ed8<\/span>\n<\/th>\n<td>\n<span class=\"wpcf7-form-control-wrap date-960\"><input type=\"date\" name=\"date-960\" value=\"\" class=\"wpcf7-form-control wpcf7-date wpcf7-validates-as-required wpcf7-validates-as-date datesp\" aria-required=\"true\" aria-invalid=\"false\" \/><\/span>\n<\/td>\n<\/tr>\n<tr>\n<th>\n<span class=\"any\">\u4efb\u610f<\/span><span>\u4e2d\u7d1a\u8005\u5411\u3051\u56de\u7b54\u5f62\u5f0f\u306e\u30bf\u30b0<\/span>\n<\/th>\n<td>\n<span class=\"wpcf7-form-control-wrap quiz-1\"><label><span class=\"wpcf7-quiz-label\">\u8cea\u554f\uff1a2019\u5e74\u306b\u767a\u8868\u3055\u308c\u305f\u65b0\u5143\u53f7\u306f\uff1f<\/span> <input type=\"text\" name=\"quiz-1\" size=\"40\" class=\"wpcf7-form-control wpcf7-quiz qyizsp\" autocomplete=\"off\" aria-required=\"true\" aria-invalid=\"false\" \/><\/label><input type=\"hidden\" name=\"_wpcf7_quiz_answer_quiz-1\" value=\"08059f246e14e94fda8b8db00bdbd2ad\" \/><\/span>\n<\/td>\n<\/tr>\n<tr>\n<th>\n<span class=\"haveto\">\u5fc5\u9808<\/span><span>\u90f5\u4fbf\u756a\u53f7<\/span>\n<\/th>\n<td>\n<span class=\"wpcf7-form-control-wrap your-postalcode\"><input type=\"text\" name=\"your-postalcode\" value=\"\" size=\"40\" class=\"wpcf7-form-control wpcf7-text wpcf7-validates-as-required p-postal-code\" aria-required=\"true\" aria-invalid=\"false\" placeholder=\"123-4567\" \/><\/span>\n<\/td>\n<\/tr>\n<tr>\n<th>\n<span class=\"haveto\">\u5fc5\u9808<\/span><span>\u90fd\u9053\u5e9c\u770c<\/span>\n<\/th>\n<td>\n<span class=\"wpcf7-form-control-wrap your-prefectures\"><input type=\"text\" name=\"your-prefectures\" value=\"\" size=\"40\" class=\"wpcf7-form-control wpcf7-text wpcf7-validates-as-required p-region\" aria-required=\"true\" aria-invalid=\"false\" placeholder=\"\u25ef\u25ef\u770c\" \/><\/span>\n<\/td>\n<\/tr>\n<tr>\n<th>\n<span class=\"haveto\">\u5fc5\u9808<\/span><span>\u3054\u4f4f\u6240<\/span>\n<\/th>\n<td>\n<span class=\"wpcf7-form-control-wrap your-address\"><input type=\"text\" name=\"your-address\" value=\"\" size=\"40\" class=\"wpcf7-form-control wpcf7-text wpcf7-validates-as-required p-locality\" aria-required=\"true\" aria-invalid=\"false\" placeholder=\"\u25cb\u25cb\u5e02\u25cb\u25cb1-2-3 \u25cb\u25cb\u30de\u30f3\u30b7\u30e7\u30f3 101\u53f7\u5ba4\" \/><\/span>\n<\/td>\n<\/tr>\n<tr>\n<th>\n<span class=\"haveto\">\u5fc5\u9808<\/span><span>\u304a\u554f\u3044\u5408\u308f\u305b\u5185\u5bb9<\/span>\n<\/th>\n<td>\n<span class=\"wpcf7-form-control-wrap your-message\"><textarea name=\"your-message\" cols=\"40\" rows=\"10\" class=\"wpcf7-form-control wpcf7-textarea wpcf7-validates-as-required content\" aria-required=\"true\" aria-invalid=\"false\" placeholder=\"\uff11\u884c\u4ee5\u4e0a\u306e\u30c6\u30ad\u30b9\u30c8\u5165\u529b\u6b04\"><\/textarea><\/span>\n<\/td>\n<\/tr>\n<\/table>\n<p><span class=\"wpcf7-form-control-wrap acceptance-442\"><span class=\"wpcf7-form-control wpcf7-acceptance\"><span class=\"wpcf7-list-item\"><input type=\"checkbox\" name=\"acceptance-442\" value=\"1\" aria-invalid=\"false\" class=\"spam1\" \/><\/span><\/span><\/span>\u30b9\u30d1\u30e0\u30e1\u30fc\u30eb\u9632\u6b62\u306e\u305f\u3081\u3001\u3053\u3061\u3089\u306e\u30dc\u30c3\u30af\u30b9\u306b\u30c1\u30a7\u30c3\u30af\u3092\u5165\u308c\u3066\u304b\u3089\u9001\u4fe1\u3057\u3066\u304f\u3060\u3055\u3044\u3002<br \/>\n<input type=\"submit\" value=\"\u4e0a\u8a18\u306e\u5185\u5bb9\u3067\u9001\u4fe1\u3059\u308b\" class=\"wpcf7-form-control has-spinner wpcf7-submit\" id=\"formbtn\" \/><\/p>\n<div class=\"wpcf7-response-output\" aria-hidden=\"true\"><\/div><\/form><\/div>\n","protected":false},"excerpt":{"rendered":"<p>\u5fc5\u9808\u304a\u540d\u524d \u5fc5\u9808\u30e1\u30fc\u30eb\u30a2\u30c9\u30ec\u30b9 \u4efb\u610f\u96fb\u8a71\u756a\u53f7 \u5fc5\u9808\u30c9\u30ed\u30c3\u30d7\u30c0\u30a6\u30f3\u30e1\u30cb\u30e5\u30fc &#8212;\u30b5\u30f3\u30d7\u30eb1\u30b5\u30f3\u30d7\u30eb2\u30b5\u30f3\u30d7\u30eb3 \u4efb\u610f\u30c1\u30a7\u30c3\u30af\u30dc\u30c3\u30af\u30b9\u6a2a\u4e26\u3073\u3010\uff11\u3064\u3092\u9078\u629e\u3011 \u30b5\u30f3\u30d7\u30eb4\u30b5\u30f3\u30d7\u30eb5\u30b5\u30f3\u30d7\u30eb6 \u5fc5\u9808\u30c1\u30a7\u30c3\u30af\u30dc &#8230; <\/p>\n","protected":false},"author":1,"featured_media":0,"parent":0,"menu_order":0,"comment_status":"closed","ping_status":"closed","template":"","meta":[],"_links":{"self":[{"href":"https:\/\/takeroot.co.jp\/ec-guide\/wp-json\/wp\/v2\/pages\/166"}],"collection":[{"href":"https:\/\/takeroot.co.jp\/ec-guide\/wp-json\/wp\/v2\/pages"}],"about":[{"href":"https:\/\/takeroot.co.jp\/ec-guide\/wp-json\/wp\/v2\/types\/page"}],"author":[{"embeddable":true,"href":"https:\/\/takeroot.co.jp\/ec-guide\/wp-json\/wp\/v2\/users\/1"}],"replies":[{"embeddable":true,"href":"https:\/\/takeroot.co.jp\/ec-guide\/wp-json\/wp\/v2\/comments?post=166"}],"version-history":[{"count":2,"href":"https:\/\/takeroot.co.jp\/ec-guide\/wp-json\/wp\/v2\/pages\/166\/revisions"}],"predecessor-version":[{"id":293,"href":"https:\/\/takeroot.co.jp\/ec-guide\/wp-json\/wp\/v2\/pages\/166\/revisions\/293"}],"wp:attachment":[{"href":"https:\/\/takeroot.co.jp\/ec-guide\/wp-json\/wp\/v2\/media?parent=166"}],"curies":[{"name":"wp","href":"https:\/\/api.w.org\/{rel}","templated":true}]}}